{"id":9578,"date":"2024-07-11T09:16:39","date_gmt":"2024-07-11T07:16:39","guid":{"rendered":"https:\/\/chateau-soutard.com\/appellation\/"},"modified":"2024-09-26T09:16:12","modified_gmt":"2024-09-26T07:16:12","slug":"appellation","status":"publish","type":"page","link":"https:\/\/chateau-soutard.com\/en\/appellation\/","title":{"rendered":"Appellation"},"content":{"rendered":"\t\t<div data-elementor-type=\"wp-page\" data-elementor-id=\"9578\" class=\"elementor elementor-9578 elementor-5874\" data-elementor-post-type=\"page\">\n\t\t\t\t<div class=\"elementor-element elementor-element-1161b83 e-con-full e-flex e-con e-parent\" data-id=\"1161b83\" data-element_type=\"container\" data-e-type=\"container\" data-settings=\"{&quot;background_background&quot;:&quot;classic&quot;}\">\n\t\t<div class=\"elementor-element elementor-element-9b4680d e-flex e-con-boxed e-con e-child\" data-id=\"9b4680d\" data-element_type=\"container\" data-e-type=\"container\">\n\t\t\t\t\t<div class=\"e-con-inner\">\n\t\t\t\t<div class=\"elementor-element elementor-element-def11ea title-v2 title-one-line elementor-widget elementor-widget-heading\" data-id=\"def11ea\" data-element_type=\"widget\" data-e-type=\"widget\" data-widget_type=\"heading.default\">\n\t\t\t\t<div class=\"elementor-widget-container\">\n\t\t\t\t\t<h1 class=\"elementor-heading-title elementor-size-default\">Appellation<\/h1>\t\t\t\t<\/div>\n\t\t\t\t<\/div>\n\t\t\t\t<div class=\"elementor-element elementor-element-3798f4e elementor-widget elementor-widget-heading\" data-id=\"3798f4e\" data-element_type=\"widget\" data-e-type=\"widget\" data-widget_type=\"heading.default\">\n\t\t\t\t<div class=\"elementor-widget-container\">\n\t\t\t\t\t<h2 class=\"elementor-heading-title elementor-size-default\">Domain<\/h2>\t\t\t\t<\/div>\n\t\t\t\t<\/div>\n\t\t\t\t<div class=\"elementor-element elementor-element-c023165 elementor-view-default elementor-widget elementor-widget-icon\" data-id=\"c023165\" data-element_type=\"widget\" data-e-type=\"widget\" data-widget_type=\"icon.default\">\n\t\t\t\t<div class=\"elementor-widget-container\">\n\t\t\t\t\t\t\t<div class=\"elementor-icon-wrapper\">\n\t\t\t<div class=\"elementor-icon\">\n\t\t\t<svg xmlns=\"http:\/\/www.w3.org\/2000\/svg\" width=\"31.189\" height=\"12.786\" viewBox=\"0 0 31.189 12.786\"><path id=\"Trac&#xE9;_1028\" data-name=\"Trac&#xE9; 1028\" d=\"M31.1,1.047,16.086,11.791,1.074,1.047\" transform=\"translate(-0.492 -0.234)\" fill=\"none\" stroke=\"#ccdde8\" stroke-miterlimit=\"10\" stroke-width=\"2\"><\/path><\/svg>\t\t\t<\/div>\n\t\t<\/div>\n\t\t\t\t\t\t<\/div>\n\t\t\t\t<\/div>\n\t\t\t\t\t<\/div>\n\t\t\t\t<\/div>\n\t\t\t\t<\/div>\n\t\t<div class=\"elementor-element elementor-element-9437117 e-flex e-con-boxed e-con e-parent\" data-id=\"9437117\" data-element_type=\"container\" data-e-type=\"container\" data-settings=\"{&quot;background_background&quot;:&quot;classic&quot;}\">\n\t\t\t\t\t<div class=\"e-con-inner\">\n\t\t\t\t<div class=\"elementor-element elementor-element-09e13fc elementor-widget elementor-widget-text-editor\" data-id=\"09e13fc\" data-element_type=\"widget\" data-e-type=\"widget\" data-widget_type=\"text-editor.default\">\n\t\t\t\t<div class=\"elementor-widget-container\">\n\t\t\t\t\t\t\t\t\t<p>Saint-\u00c9milion is an authentic village where history, culture, and tradition blend to offer an unforgettable experience to all who discover it. Key moments punctuate the remarkable history of Saint-\u00c9milion wines, affirming their reputation among connoisseurs worldwide. <\/p>\n\t\t\t\t\t\t\t\t<\/div>\n\t\t\t\t<\/div>\n\t\t\t\t\t<\/div>\n\t\t\t\t<\/div>\n\t\t<div class=\"elementor-element elementor-element-11dcf18 e-flex e-con-boxed e-con e-parent\" data-id=\"11dcf18\" data-element_type=\"container\" data-e-type=\"container\" data-settings=\"{&quot;background_background&quot;:&quot;classic&quot;}\">\n\t\t\t\t\t<div class=\"e-con-inner\">\n\t\t\t\t<div class=\"elementor-element elementor-element-fc14976 title-thing-two elementor-widget elementor-widget-heading\" data-id=\"fc14976\" data-element_type=\"widget\" data-e-type=\"widget\" data-widget_type=\"heading.default\">\n\t\t\t\t<div class=\"elementor-widget-container\">\n\t\t\t\t\t<h2 class=\"elementor-heading-title elementor-size-default\">Origin<\/h2>\t\t\t\t<\/div>\n\t\t\t\t<\/div>\n\t\t\t\t<div class=\"elementor-element elementor-element-9f2e5a2 elementor-widget__width-initial elementor-widget-tablet__width-inherit elementor-widget elementor-widget-text-editor\" data-id=\"9f2e5a2\" data-element_type=\"widget\" data-e-type=\"widget\" data-widget_type=\"text-editor.default\">\n\t\t\t\t<div class=\"elementor-widget-container\">\n\t\t\t\t\t\t\t\t\t<p>The history of Saint-\u00c9milion dates back to the 8th century when a hermit monk named Aemilianus settled in a cave in the &#8220;Cumbis&#8221; forest (the origin of \u201ccombes\u201d: meaning cavern or cave), at the heart of what would later become the town of Saint-\u00c9milion. His cave, transformed into a chapel, and his reputation for holiness attracted many followers who settled around him.  <strong>Thus, the cave of Saint-\u00c9milion was born!<\/strong> In homage to the hermit, the people carved, over several phases, into the rock just above his cave, creating what is now the monolithic church.<\/p>\n\t\t\t\t\t\t\t\t<\/div>\n\t\t\t\t<\/div>\n\t\t\t\t<div class=\"elementor-element elementor-element-377c09a elementor-widget elementor-widget-image\" data-id=\"377c09a\" data-element_type=\"widget\" data-e-type=\"widget\" data-widget_type=\"image.default\">\n\t\t\t\t<div class=\"elementor-widget-container\">\n\t\t\t\t\t\t\t\t\t\t\t\t\t\t\t<img fetchpriority=\"high\" decoding=\"async\" width=\"800\" height=\"444\" src=\"https:\/\/chateau-soutard.com\/wp-content\/uploads\/2024\/07\/Grotte-Appellation-Soutard.webp\" class=\"attachment-large size-large wp-image-9357\" alt=\"\" srcset=\"https:\/\/chateau-soutard.com\/wp-content\/uploads\/2024\/07\/Grotte-Appellation-Soutard.webp 900w, https:\/\/chateau-soutard.com\/wp-content\/uploads\/2024\/07\/Grotte-Appellation-Soutard-600x333.webp 600w, https:\/\/chateau-soutard.com\/wp-content\/uploads\/2024\/07\/Grotte-Appellation-Soutard-300x167.webp 300w, https:\/\/chateau-soutard.com\/wp-content\/uploads\/2024\/07\/Grotte-Appellation-Soutard-768x427.webp 768w\" sizes=\"(max-width: 800px) 100vw, 800px\" \/>\t\t\t\t\t\t\t\t\t\t\t\t\t\t\t<\/div>\n\t\t\t\t<\/div>\n\t\t\t\t\t<\/div>\n\t\t\t\t<\/div>\n\t\t<div class=\"elementor-element elementor-element-aead1fc e-flex e-con-boxed e-con e-parent\" data-id=\"aead1fc\" data-element_type=\"container\" data-e-type=\"container\">\n\t\t\t\t\t<div class=\"e-con-inner\">\n\t\t\t\t<div class=\"elementor-element elementor-element-1487d30 title-thing-two elementor-widget__width-initial elementor-widget-tablet__width-inherit elementor-widget elementor-widget-heading\" data-id=\"1487d30\" data-element_type=\"widget\" data-e-type=\"widget\" data-widget_type=\"heading.default\">\n\t\t\t\t<div class=\"elementor-widget-container\">\n\t\t\t\t\t<h2 class=\"elementor-heading-title elementor-size-default\">Jurade<\/h2>\t\t\t\t<\/div>\n\t\t\t\t<\/div>\n\t\t\t\t<div class=\"elementor-element elementor-element-2284673 elementor-widget__width-initial elementor-widget-tablet__width-inherit elementor-widget elementor-widget-text-editor\" data-id=\"2284673\" data-element_type=\"widget\" data-e-type=\"widget\" data-widget_type=\"text-editor.default\">\n\t\t\t\t<div class=\"elementor-widget-container\">\n\t\t\t\t\t\t\t\t\t<p>In 1154, Aquitaine came under English rule, but Saint-\u00c9milion sought greater autonomy. Since the arrival of the Benedictine order, the religious influence of Saint-\u00c9milion had been growing. The special status of jurisdiction was granted to Saint-\u00c9milion in 1199 by John Lackland (son of Eleanor of Aquitaine) through the signing of the Charter of Falaise, which delegated economic, political, and judicial powers to local dignitaries and magistrates for the city&#8217;s administration and governance.   <\/p>\n\t\t\t\t\t\t\t\t<\/div>\n\t\t\t\t<\/div>\n\t\t\t\t<div class=\"elementor-element elementor-element-05c18a6 elementor-widget elementor-widget-image\" data-id=\"05c18a6\" data-element_type=\"widget\" data-e-type=\"widget\" data-widget_type=\"image.default\">\n\t\t\t\t<div class=\"elementor-widget-container\">\n\t\t\t\t\t\t\t\t\t\t\t\t\t\t\t<img decoding=\"async\" width=\"683\" height=\"1024\" src=\"https:\/\/chateau-soutard.com\/wp-content\/uploads\/2024\/07\/\u00a9JB-Nadeau-Ceremonie-Soutard-683x1024.webp\" class=\"attachment-large size-large wp-image-9358\" alt=\"\" srcset=\"https:\/\/chateau-soutard.com\/wp-content\/uploads\/2024\/07\/\u00a9JB-Nadeau-Ceremonie-Soutard-683x1024.webp 683w, https:\/\/chateau-soutard.com\/wp-content\/uploads\/2024\/07\/\u00a9JB-Nadeau-Ceremonie-Soutard-600x900.webp 600w, https:\/\/chateau-soutard.com\/wp-content\/uploads\/2024\/07\/\u00a9JB-Nadeau-Ceremonie-Soutard-200x300.webp 200w, https:\/\/chateau-soutard.com\/wp-content\/uploads\/2024\/07\/\u00a9JB-Nadeau-Ceremonie-Soutard-768x1152.webp 768w, https:\/\/chateau-soutard.com\/wp-content\/uploads\/2024\/07\/\u00a9JB-Nadeau-Ceremonie-Soutard.webp 900w\" sizes=\"(max-width: 683px) 100vw, 683px\" \/>\t\t\t\t\t\t\t\t\t\t\t\t\t\t\t<\/div>\n\t\t\t\t<\/div>\n\t\t\t\t<div class=\"elementor-element elementor-element-c07bc68 elementor-widget elementor-widget-text-editor\" data-id=\"c07bc68\" data-element_type=\"widget\" data-e-type=\"widget\" data-widget_type=\"text-editor.default\">\n\t\t\t\t<div class=\"elementor-widget-container\">\n\t\t\t\t\t\t\t\t\t<p>\u00a9JB Nadeau<\/p>\n\t\t\t\t\t\t\t\t<\/div>\n\t\t\t\t<\/div>\n\t\t\t\t\t<\/div>\n\t\t\t\t<\/div>\n\t\t<div class=\"elementor-element elementor-element-f7a669f e-flex e-con-boxed e-con e-parent\" data-id=\"f7a669f\" data-element_type=\"container\" data-e-type=\"container\">\n\t\t\t\t\t<div class=\"e-con-inner\">\n\t\t<div class=\"elementor-element elementor-element-f7da3cd e-con-full e-flex e-con e-child\" data-id=\"f7da3cd\" data-element_type=\"container\" data-e-type=\"container\">\n\t\t\t\t<div class=\"elementor-element elementor-element-99f74e2 elementor-widget elementor-widget-text-editor\" data-id=\"99f74e2\" data-element_type=\"widget\" data-e-type=\"widget\" data-widget_type=\"text-editor.default\">\n\t\t\t\t<div class=\"elementor-widget-container\">\n\t\t\t\t\t\t\t\t\t<p>SIGILLUM COM SI EMILIANI<\/p>\n\t\t\t\t\t\t\t\t<\/div>\n\t\t\t\t<\/div>\n\t\t\t\t<\/div>\n\t\t\t\t\t<\/div>\n\t\t\t\t<\/div>\n\t\t<div class=\"elementor-element elementor-element-6cfa7a0 e-flex e-con-boxed e-con e-parent\" data-id=\"6cfa7a0\" data-element_type=\"container\" data-e-type=\"container\">\n\t\t\t\t\t<div class=\"e-con-inner\">\n\t\t\t\t<div class=\"elementor-element elementor-element-89dd2ec elementor-widget__width-initial elementor-widget elementor-widget-text-editor\" data-id=\"89dd2ec\" data-element_type=\"widget\" data-e-type=\"widget\" data-widget_type=\"text-editor.default\">\n\t\t\t\t<div class=\"elementor-widget-container\">\n\t\t\t\t\t\t\t\t\t<p>&#8220;Sigillum Com Si Emiliani&#8221; is the Latin inscription that appears on the seal of the Jurade. It simply means &#8220;the seal of the commune of Saint-\u00c9milion.&#8221; However, in the Middle Ages, the term &#8220;commune&#8221; had a very different meaning from today. It signified that the bourgeoisie of Saint \u00c9milion could take oaths. In a society driven by allegiances, the power held by the Jurats in administering the Jurisdiction of Saint-\u00c9milion was therefore significant    <\/p>\n\t\t\t\t\t\t\t\t<\/div>\n\t\t\t\t<\/div>\n\t\t\t\t<div class=\"elementor-element elementor-element-9ec4711 elementor-widget__width-initial elementor-widget elementor-widget-text-editor\" data-id=\"9ec4711\" data-element_type=\"widget\" data-e-type=\"widget\" data-widget_type=\"text-editor.default\">\n\t\t\t\t<div class=\"elementor-widget-container\">\n\t\t\t\t\t\t\t\t\t<p>Dissolved during the Revolution, the Jurade was revived in 1948 by passionate winemakers who sought to preserve the traditions and values of Saint-\u00c9milion wines. <br \/>With a brotherhood of 140 Jurats dressed in red robes trimmed with white ermine, the Jurade organizes induction ceremonies worldwide..<\/p>\n\t\t\t\t\t\t\t\t<\/div>\n\t\t\t\t<\/div>\n\t\t\t\t\t<\/div>\n\t\t\t\t<\/div>\n\t\t<div class=\"elementor-element elementor-element-b9f2a1d e-flex e-con-boxed e-con e-parent\" data-id=\"b9f2a1d\" data-element_type=\"container\" data-e-type=\"container\" data-settings=\"{&quot;background_background&quot;:&quot;classic&quot;}\">\n\t\t\t\t\t<div class=\"e-con-inner\">\n\t\t\t\t<div class=\"elementor-element elementor-element-f7773f1 title-thing-two elementor-widget elementor-widget-heading\" data-id=\"f7773f1\" data-element_type=\"widget\" data-e-type=\"widget\" data-widget_type=\"heading.default\">\n\t\t\t\t<div class=\"elementor-widget-container\">\n\t\t\t\t\t<h2 class=\"elementor-heading-title elementor-size-default\">Unesco<\/h2>\t\t\t\t<\/div>\n\t\t\t\t<\/div>\n\t\t\t\t<div class=\"elementor-element elementor-element-fea3e16 elementor-widget__width-initial elementor-widget-tablet__width-inherit elementor-widget elementor-widget-text-editor\" data-id=\"fea3e16\" data-element_type=\"widget\" data-e-type=\"widget\" data-widget_type=\"text-editor.default\">\n\t\t\t\t<div class=\"elementor-widget-container\">\n\t\t\t\t\t\t\t\t\t<p>In the 20th century, aware of their exceptional heritage, winemakers regularly launched initiatives to maintain the vineyard\u2019s excellence. After the creation of the Saint-\u00c9milion AOC, the Jurade was reestablished, a revisable classification was put in place, the ch\u00e2teaux opened to the public, and measures for environmental respect and sustainable development became systematic. These demanding measures spurred winemakers in their quest for excellence, leading to UNESCO recognition on December 5, 1999. For the past 20 years, the Saint-\u00c9milion vineyard has been listed as a UNESCO World Heritage Site for its cultural landscapes.   <\/p>\n\t\t\t\t\t\t\t\t<\/div>\n\t\t\t\t<\/div>\n\t\t\t\t\t<\/div>\n\t\t\t\t<\/div>\n\t\t<div class=\"elementor-element elementor-element-f25a001 e-con-full e-flex e-con e-parent\" data-id=\"f25a001\" data-element_type=\"container\" data-e-type=\"container\" data-settings=\"{&quot;background_background&quot;:&quot;classic&quot;}\">\n\t\t\t\t<\/div>\n\t\t\t\t<\/div>\n\t\t","protected":false},"excerpt":{"rendered":"<p>Appellation Domain Saint-\u00c9milion is an authentic village where history, culture, and tradition blend to offer an unforgettable experience to all who discover it. Key moments punctuate the remarkable history of Saint-\u00c9milion wines, affirming their reputation among connoisseurs worldwide. Origin The history of Saint-\u00c9milion dates back to the 8th century when a hermit monk named Aemilianus [&hellip;]<\/p>\n","protected":false},"author":2,"featured_media":0,"parent":0,"menu_order":0,"comment_status":"closed","ping_status":"closed","template":"","meta":{"_acf_changed":false,"footnotes":""},"wf_page_folders":[36],"class_list":["post-9578","page","type-page","status-publish","hentry"],"acf":[],"yoast_head":"<!-- This site is optimized with the Yoast SEO plugin v27.2 - https:\/\/yoast.com\/product\/yoast-seo-wordpress\/ -->\n<title>Appellation - Ch\u00e2teau Soutard<\/title>\n<meta name=\"robots\" content=\"index, follow, max-snippet:-1, max-image-preview:large, max-video-preview:-1\" \/>\n<link rel=\"canonical\" href=\"https:\/\/chateau-soutard.com\/en\/appellation\/\" \/>\n<meta property=\"og:locale\" content=\"en_US\" \/>\n<meta property=\"og:type\" content=\"article\" \/>\n<meta property=\"og:title\" content=\"Appellation - Ch\u00e2teau Soutard\" \/>\n<meta property=\"og:description\" content=\"Appellation Domain Saint-\u00c9milion is an authentic village where history, culture, and tradition blend to offer an unforgettable experience to all who discover it. Key moments punctuate the remarkable history of Saint-\u00c9milion wines, affirming their reputation among connoisseurs worldwide. Origin The history of Saint-\u00c9milion dates back to the 8th century when a hermit monk named Aemilianus [&hellip;]\" \/>\n<meta property=\"og:url\" content=\"https:\/\/chateau-soutard.com\/en\/appellation\/\" \/>\n<meta property=\"og:site_name\" content=\"Ch\u00e2teau Soutard\" \/>\n<meta property=\"article:modified_time\" content=\"2024-09-26T07:16:12+00:00\" \/>\n<meta property=\"og:image\" content=\"https:\/\/chateau-soutard.com\/wp-content\/uploads\/2024\/07\/Grotte-Appellation-Soutard.webp\" \/>\n<meta name=\"twitter:card\" content=\"summary_large_image\" \/>\n<meta name=\"twitter:label1\" content=\"Est. reading time\" \/>\n\t<meta name=\"twitter:data1\" content=\"2 minutes\" \/>\n<script type=\"application\/ld+json\" class=\"yoast-schema-graph\">{\"@context\":\"https:\/\/schema.org\",\"@graph\":[{\"@type\":\"WebPage\",\"@id\":\"https:\/\/chateau-soutard.com\/en\/appellation\/\",\"url\":\"https:\/\/chateau-soutard.com\/en\/appellation\/\",\"name\":\"Appellation - Ch\u00e2teau Soutard\",\"isPartOf\":{\"@id\":\"https:\/\/chateau-soutard.com\/#website\"},\"primaryImageOfPage\":{\"@id\":\"https:\/\/chateau-soutard.com\/en\/appellation\/#primaryimage\"},\"image\":{\"@id\":\"https:\/\/chateau-soutard.com\/en\/appellation\/#primaryimage\"},\"thumbnailUrl\":\"https:\/\/chateau-soutard.com\/wp-content\/uploads\/2024\/07\/Grotte-Appellation-Soutard.webp\",\"datePublished\":\"2024-07-11T07:16:39+00:00\",\"dateModified\":\"2024-09-26T07:16:12+00:00\",\"breadcrumb\":{\"@id\":\"https:\/\/chateau-soutard.com\/en\/appellation\/#breadcrumb\"},\"inLanguage\":\"en-US\",\"potentialAction\":[{\"@type\":\"ReadAction\",\"target\":[\"https:\/\/chateau-soutard.com\/en\/appellation\/\"]}]},{\"@type\":\"ImageObject\",\"inLanguage\":\"en-US\",\"@id\":\"https:\/\/chateau-soutard.com\/en\/appellation\/#primaryimage\",\"url\":\"https:\/\/chateau-soutard.com\/wp-content\/uploads\/2024\/07\/Grotte-Appellation-Soutard.webp\",\"contentUrl\":\"https:\/\/chateau-soutard.com\/wp-content\/uploads\/2024\/07\/Grotte-Appellation-Soutard.webp\"},{\"@type\":\"BreadcrumbList\",\"@id\":\"https:\/\/chateau-soutard.com\/en\/appellation\/#breadcrumb\",\"itemListElement\":[{\"@type\":\"ListItem\",\"position\":1,\"name\":\"Accueil\",\"item\":\"https:\/\/chateau-soutard.com\/\"},{\"@type\":\"ListItem\",\"position\":2,\"name\":\"Appellation\"}]},{\"@type\":\"WebSite\",\"@id\":\"https:\/\/chateau-soutard.com\/#website\",\"url\":\"https:\/\/chateau-soutard.com\/\",\"name\":\"Ch\u00e2teau Soutard\",\"description\":\"Une maison de ma\u00eetre de belle lign\u00e9e\",\"potentialAction\":[{\"@type\":\"SearchAction\",\"target\":{\"@type\":\"EntryPoint\",\"urlTemplate\":\"https:\/\/chateau-soutard.com\/?s={search_term_string}\"},\"query-input\":{\"@type\":\"PropertyValueSpecification\",\"valueRequired\":true,\"valueName\":\"search_term_string\"}}],\"inLanguage\":\"en-US\"}]}<\/script>\n<!-- \/ Yoast SEO plugin. -->","yoast_head_json":{"title":"Appellation - Ch\u00e2teau Soutard","robots":{"index":"index","follow":"follow","max-snippet":"max-snippet:-1","max-image-preview":"max-image-preview:large","max-video-preview":"max-video-preview:-1"},"canonical":"https:\/\/chateau-soutard.com\/en\/appellation\/","og_locale":"en_US","og_type":"article","og_title":"Appellation - Ch\u00e2teau Soutard","og_description":"Appellation Domain Saint-\u00c9milion is an authentic village where history, culture, and tradition blend to offer an unforgettable experience to all who discover it. Key moments punctuate the remarkable history of Saint-\u00c9milion wines, affirming their reputation among connoisseurs worldwide. Origin The history of Saint-\u00c9milion dates back to the 8th century when a hermit monk named Aemilianus [&hellip;]","og_url":"https:\/\/chateau-soutard.com\/en\/appellation\/","og_site_name":"Ch\u00e2teau Soutard","article_modified_time":"2024-09-26T07:16:12+00:00","og_image":[{"url":"https:\/\/chateau-soutard.com\/wp-content\/uploads\/2024\/07\/Grotte-Appellation-Soutard.webp","type":"","width":"","height":""}],"twitter_card":"summary_large_image","twitter_misc":{"Est. reading time":"2 minutes"},"schema":{"@context":"https:\/\/schema.org","@graph":[{"@type":"WebPage","@id":"https:\/\/chateau-soutard.com\/en\/appellation\/","url":"https:\/\/chateau-soutard.com\/en\/appellation\/","name":"Appellation - Ch\u00e2teau Soutard","isPartOf":{"@id":"https:\/\/chateau-soutard.com\/#website"},"primaryImageOfPage":{"@id":"https:\/\/chateau-soutard.com\/en\/appellation\/#primaryimage"},"image":{"@id":"https:\/\/chateau-soutard.com\/en\/appellation\/#primaryimage"},"thumbnailUrl":"https:\/\/chateau-soutard.com\/wp-content\/uploads\/2024\/07\/Grotte-Appellation-Soutard.webp","datePublished":"2024-07-11T07:16:39+00:00","dateModified":"2024-09-26T07:16:12+00:00","breadcrumb":{"@id":"https:\/\/chateau-soutard.com\/en\/appellation\/#breadcrumb"},"inLanguage":"en-US","potentialAction":[{"@type":"ReadAction","target":["https:\/\/chateau-soutard.com\/en\/appellation\/"]}]},{"@type":"ImageObject","inLanguage":"en-US","@id":"https:\/\/chateau-soutard.com\/en\/appellation\/#primaryimage","url":"https:\/\/chateau-soutard.com\/wp-content\/uploads\/2024\/07\/Grotte-Appellation-Soutard.webp","contentUrl":"https:\/\/chateau-soutard.com\/wp-content\/uploads\/2024\/07\/Grotte-Appellation-Soutard.webp"},{"@type":"BreadcrumbList","@id":"https:\/\/chateau-soutard.com\/en\/appellation\/#breadcrumb","itemListElement":[{"@type":"ListItem","position":1,"name":"Accueil","item":"https:\/\/chateau-soutard.com\/"},{"@type":"ListItem","position":2,"name":"Appellation"}]},{"@type":"WebSite","@id":"https:\/\/chateau-soutard.com\/#website","url":"https:\/\/chateau-soutard.com\/","name":"Ch\u00e2teau Soutard","description":"Une maison de ma\u00eetre de belle lign\u00e9e","potentialAction":[{"@type":"SearchAction","target":{"@type":"EntryPoint","urlTemplate":"https:\/\/chateau-soutard.com\/?s={search_term_string}"},"query-input":{"@type":"PropertyValueSpecification","valueRequired":true,"valueName":"search_term_string"}}],"inLanguage":"en-US"}]}},"_links":{"self":[{"href":"https:\/\/chateau-soutard.com\/en\/wp-json\/wp\/v2\/pages\/9578","targetHints":{"allow":["GET"]}}],"collection":[{"href":"https:\/\/chateau-soutard.com\/en\/wp-json\/wp\/v2\/pages"}],"about":[{"href":"https:\/\/chateau-soutard.com\/en\/wp-json\/wp\/v2\/types\/page"}],"author":[{"embeddable":true,"href":"https:\/\/chateau-soutard.com\/en\/wp-json\/wp\/v2\/users\/2"}],"replies":[{"embeddable":true,"href":"https:\/\/chateau-soutard.com\/en\/wp-json\/wp\/v2\/comments?post=9578"}],"version-history":[{"count":1,"href":"https:\/\/chateau-soutard.com\/en\/wp-json\/wp\/v2\/pages\/9578\/revisions"}],"predecessor-version":[{"id":9579,"href":"https:\/\/chateau-soutard.com\/en\/wp-json\/wp\/v2\/pages\/9578\/revisions\/9579"}],"wp:attachment":[{"href":"https:\/\/chateau-soutard.com\/en\/wp-json\/wp\/v2\/media?parent=9578"}],"wp:term":[{"taxonomy":"wf_page_folders","embeddable":true,"href":"https:\/\/chateau-soutard.com\/en\/wp-json\/wp\/v2\/wf_page_folders?post=9578"}],"curies":[{"name":"wp","href":"https:\/\/api.w.org\/{rel}","templated":true}]}}