{"id":9604,"date":"2024-07-11T14:37:49","date_gmt":"2024-07-11T12:37:49","guid":{"rendered":"https:\/\/chateau-soutard.com\/our-wines\/"},"modified":"2025-05-16T09:56:01","modified_gmt":"2025-05-16T07:56:01","slug":"our-wines","status":"publish","type":"page","link":"https:\/\/chateau-soutard.com\/en\/our-wines\/","title":{"rendered":"Our wines"},"content":{"rendered":"\t\t<div data-elementor-type=\"wp-page\" data-elementor-id=\"9604\" class=\"elementor elementor-9604 elementor-6075\" data-elementor-post-type=\"page\">\n\t\t\t\t<div class=\"elementor-element elementor-element-29a12aa e-con-full e-flex e-con e-parent\" data-id=\"29a12aa\" data-element_type=\"container\" data-e-type=\"container\" data-settings=\"{&quot;background_background&quot;:&quot;classic&quot;}\">\n\t\t<div class=\"elementor-element elementor-element-88f50e7 e-flex e-con-boxed e-con e-child\" data-id=\"88f50e7\" data-element_type=\"container\" data-e-type=\"container\">\n\t\t\t\t\t<div class=\"e-con-inner\">\n\t\t\t\t<div class=\"elementor-element elementor-element-89df005 title-v2 title-one-line elementor-widget elementor-widget-heading\" data-id=\"89df005\" data-element_type=\"widget\" data-e-type=\"widget\" data-widget_type=\"heading.default\">\n\t\t\t\t<div class=\"elementor-widget-container\">\n\t\t\t\t\t<h1 class=\"elementor-heading-title elementor-size-default\">Our wines<\/h1>\t\t\t\t<\/div>\n\t\t\t\t<\/div>\n\t\t\t\t<div class=\"elementor-element elementor-element-28a9d65 elementor-widget elementor-widget-heading\" data-id=\"28a9d65\" data-element_type=\"widget\" data-e-type=\"widget\" data-widget_type=\"heading.default\">\n\t\t\t\t<div class=\"elementor-widget-container\">\n\t\t\t\t\t<h2 class=\"elementor-heading-title elementor-size-default\">Savoir-faire<\/h2>\t\t\t\t<\/div>\n\t\t\t\t<\/div>\n\t\t\t\t<div class=\"elementor-element elementor-element-95dc7c6 elementor-view-default elementor-widget elementor-widget-icon\" data-id=\"95dc7c6\" data-element_type=\"widget\" data-e-type=\"widget\" data-widget_type=\"icon.default\">\n\t\t\t\t<div class=\"elementor-widget-container\">\n\t\t\t\t\t\t\t<div class=\"elementor-icon-wrapper\">\n\t\t\t<div class=\"elementor-icon\">\n\t\t\t<svg xmlns=\"http:\/\/www.w3.org\/2000\/svg\" width=\"31.189\" height=\"12.786\" viewBox=\"0 0 31.189 12.786\"><path id=\"Trac&#xE9;_1028\" data-name=\"Trac&#xE9; 1028\" d=\"M31.1,1.047,16.086,11.791,1.074,1.047\" transform=\"translate(-0.492 -0.234)\" fill=\"none\" stroke=\"#ccdde8\" stroke-miterlimit=\"10\" stroke-width=\"2\"><\/path><\/svg>\t\t\t<\/div>\n\t\t<\/div>\n\t\t\t\t\t\t<\/div>\n\t\t\t\t<\/div>\n\t\t\t\t\t<\/div>\n\t\t\t\t<\/div>\n\t\t\t\t<\/div>\n\t\t<div class=\"elementor-element elementor-element-028866b e-con-full e-flex e-con e-parent\" data-id=\"028866b\" data-element_type=\"container\" data-e-type=\"container\" data-settings=\"{&quot;background_background&quot;:&quot;classic&quot;}\">\n\t\t<div class=\"elementor-element elementor-element-eb61769 e-flex e-con-boxed e-con e-child\" data-id=\"eb61769\" data-element_type=\"container\" data-e-type=\"container\">\n\t\t\t\t\t<div class=\"e-con-inner\">\n\t\t\t\t<div class=\"elementor-element elementor-element-647bb37 elementor-widget elementor-widget-image\" data-id=\"647bb37\" data-element_type=\"widget\" data-e-type=\"widget\" data-widget_type=\"image.default\">\n\t\t\t\t<div class=\"elementor-widget-container\">\n\t\t\t\t\t\t\t\t\t\t\t\t\t\t\t<img decoding=\"async\" width=\"1\" height=\"1\" src=\"https:\/\/chateau-soutard.com\/wp-content\/uploads\/2024\/07\/Logo-bleu-clair-avec-cercle-soutard.svg\" class=\"attachment-large size-large wp-image-9421\" alt=\"\" \/>\t\t\t\t\t\t\t\t\t\t\t\t\t\t\t<\/div>\n\t\t\t\t<\/div>\n\t\t\t\t<div class=\"elementor-element elementor-element-ed9468b elementor-widget elementor-widget-heading\" data-id=\"ed9468b\" data-element_type=\"widget\" data-e-type=\"widget\" data-widget_type=\"heading.default\">\n\t\t\t\t<div class=\"elementor-widget-container\">\n\t\t\t\t\t<h2 class=\"elementor-heading-title elementor-size-default\">Ch\u00e2teau Soutard<\/h2>\t\t\t\t<\/div>\n\t\t\t\t<\/div>\n\t\t\t\t\t<\/div>\n\t\t\t\t<\/div>\n\t\t<div class=\"elementor-element elementor-element-5735ef1 e-flex e-con-boxed e-con e-child\" data-id=\"5735ef1\" data-element_type=\"container\" data-e-type=\"container\">\n\t\t\t\t\t<div class=\"e-con-inner\">\n\t\t\t\t<div class=\"elementor-element elementor-element-df4e36c elementor-widget elementor-widget-text-editor\" data-id=\"df4e36c\" data-element_type=\"widget\" data-e-type=\"widget\" data-widget_type=\"text-editor.default\">\n\t\t\t\t<div class=\"elementor-widget-container\">\n\t\t\t\t\t\t\t\t\t<p>The spirit of Soutard comes to life on the limestone plateau, where every rootlet draws essential elements to produce refined, elegant, and complex wines<\/p>\t\t\t\t\t\t\t\t<\/div>\n\t\t\t\t<\/div>\n\t\t\t\t<div class=\"elementor-element elementor-element-5ff0a46 elementor-align-center icon-cta elementor-widget elementor-widget-button\" data-id=\"5ff0a46\" data-element_type=\"widget\" data-e-type=\"widget\" data-widget_type=\"button.default\">\n\t\t\t\t<div class=\"elementor-widget-container\">\n\t\t\t\t\t\t\t\t\t<div class=\"elementor-button-wrapper\">\n\t\t\t\t\t<a class=\"elementor-button elementor-button-link elementor-size-sm\" href=\"https:\/\/shop.chateau-soutard.com\/fr\/\">\n\t\t\t\t\t\t<span class=\"elementor-button-content-wrapper\">\n\t\t\t\t\t\t<span class=\"elementor-button-icon\">\n\t\t\t\t<svg xmlns=\"http:\/\/www.w3.org\/2000\/svg\" width=\"7.266\" height=\"15.76\" viewBox=\"0 0 7.266 15.76\"><path id=\"Trac&#xE9;_952\" data-name=\"Trac&#xE9; 952\" d=\"M14.6,0,7.3,5.223,0,0\" transform=\"translate(0.813 15.178) rotate(-90)\" fill=\"none\" stroke=\"#ccdde8\" stroke-miterlimit=\"10\" stroke-width=\"2\"><\/path><\/svg>\t\t\t<\/span>\n\t\t\t\t\t\t\t\t\t<span class=\"elementor-button-text\">ACCESS TO THE SHOP<\/span>\n\t\t\t\t\t<\/span>\n\t\t\t\t\t<\/a>\n\t\t\t\t<\/div>\n\t\t\t\t\t\t\t\t<\/div>\n\t\t\t\t<\/div>\n\t\t\t\t\t<\/div>\n\t\t\t\t<\/div>\n\t\t<div class=\"elementor-element elementor-element-d173f48 e-flex e-con-boxed e-con e-child\" data-id=\"d173f48\" data-element_type=\"container\" data-e-type=\"container\">\n\t\t\t\t\t<div class=\"e-con-inner\">\n\t\t<div class=\"elementor-element elementor-element-4f5ea6f e-con-full e-flex e-con e-child\" data-id=\"4f5ea6f\" data-element_type=\"container\" data-e-type=\"container\" data-settings=\"{&quot;background_background&quot;:&quot;classic&quot;}\">\n\t\t\t\t<div class=\"elementor-element elementor-element-b5258d5 elementor-widget elementor-widget-image\" data-id=\"b5258d5\" data-element_type=\"widget\" data-e-type=\"widget\" data-widget_type=\"image.default\">\n\t\t\t\t<div class=\"elementor-widget-container\">\n\t\t\t\t\t\t\t\t\t\t\t\t\t\t\t<img decoding=\"async\" width=\"1\" height=\"1\" src=\"https:\/\/chateau-soutard.com\/wp-content\/uploads\/2024\/06\/Ligne-verticale-h2-fondclair.svg\" class=\"attachment-large size-large wp-image-9337\" alt=\"\" \/>\t\t\t\t\t\t\t\t\t\t\t\t\t\t\t<\/div>\n\t\t\t\t<\/div>\n\t\t\t\t<div class=\"elementor-element elementor-element-3a3f7ab elementor-widget elementor-widget-heading\" data-id=\"3a3f7ab\" data-element_type=\"widget\" data-e-type=\"widget\" data-widget_type=\"heading.default\">\n\t\t\t\t<div class=\"elementor-widget-container\">\n\t\t\t\t\t<h2 class=\"elementor-heading-title elementor-size-default\">Ch\u00e2teau Soutard<\/h2>\t\t\t\t<\/div>\n\t\t\t\t<\/div>\n\t\t\t\t<div class=\"elementor-element elementor-element-cd87567 elementor-widget elementor-widget-image\" data-id=\"cd87567\" data-element_type=\"widget\" data-e-type=\"widget\" data-widget_type=\"image.default\">\n\t\t\t\t<div class=\"elementor-widget-container\">\n\t\t\t\t\t\t\t\t\t\t\t\t\t\t\t<img fetchpriority=\"high\" decoding=\"async\" width=\"419\" height=\"1024\" src=\"https:\/\/chateau-soutard.com\/wp-content\/uploads\/2024\/07\/Soutard-2021-419x1024.webp\" class=\"attachment-large size-large wp-image-9368\" alt=\"\" srcset=\"https:\/\/chateau-soutard.com\/wp-content\/uploads\/2024\/07\/Soutard-2021-419x1024.webp 419w, https:\/\/chateau-soutard.com\/wp-content\/uploads\/2024\/07\/Soutard-2021-600x1465.webp 600w, https:\/\/chateau-soutard.com\/wp-content\/uploads\/2024\/07\/Soutard-2021-123x300.webp 123w, https:\/\/chateau-soutard.com\/wp-content\/uploads\/2024\/07\/Soutard-2021-768x1875.webp 768w, https:\/\/chateau-soutard.com\/wp-content\/uploads\/2024\/07\/Soutard-2021-629x1536.webp 629w, https:\/\/chateau-soutard.com\/wp-content\/uploads\/2024\/07\/Soutard-2021-839x2048.webp 839w, https:\/\/chateau-soutard.com\/wp-content\/uploads\/2024\/07\/Soutard-2021.webp 1017w\" sizes=\"(max-width: 419px) 100vw, 419px\" \/>\t\t\t\t\t\t\t\t\t\t\t\t\t\t\t<\/div>\n\t\t\t\t<\/div>\n\t\t\t\t<div class=\"elementor-element elementor-element-9812e27 elementor-align-center icon-cta elementor-widget elementor-widget-button\" data-id=\"9812e27\" data-element_type=\"widget\" data-e-type=\"widget\" data-widget_type=\"button.default\">\n\t\t\t\t<div class=\"elementor-widget-container\">\n\t\t\t\t\t\t\t\t\t<div class=\"elementor-button-wrapper\">\n\t\t\t\t\t<a class=\"elementor-button elementor-button-link elementor-size-sm\" href=\"https:\/\/chateau-soutard.com\/en\/our-wines\/chateau-soutard\/\">\n\t\t\t\t\t\t<span class=\"elementor-button-content-wrapper\">\n\t\t\t\t\t\t<span class=\"elementor-button-icon\">\n\t\t\t\t<svg xmlns=\"http:\/\/www.w3.org\/2000\/svg\" width=\"7.266\" height=\"15.76\" viewBox=\"0 0 7.266 15.76\"><path id=\"Trac&#xE9;_952\" data-name=\"Trac&#xE9; 952\" d=\"M14.6,0,7.3,5.223,0,0\" transform=\"translate(0.813 15.178) rotate(-90)\" fill=\"none\" stroke=\"#ccdde8\" stroke-miterlimit=\"10\" stroke-width=\"2\"><\/path><\/svg>\t\t\t<\/span>\n\t\t\t\t\t\t\t\t\t<span class=\"elementor-button-text\">Discover<\/span>\n\t\t\t\t\t<\/span>\n\t\t\t\t\t<\/a>\n\t\t\t\t<\/div>\n\t\t\t\t\t\t\t\t<\/div>\n\t\t\t\t<\/div>\n\t\t\t\t<\/div>\n\t\t<div class=\"elementor-element elementor-element-3216772 e-con-full e-flex e-con e-child\" data-id=\"3216772\" data-element_type=\"container\" data-e-type=\"container\">\n\t\t\t\t<div class=\"elementor-element elementor-element-aa96f5e elementor-widget elementor-widget-image\" data-id=\"aa96f5e\" data-element_type=\"widget\" data-e-type=\"widget\" data-widget_type=\"image.default\">\n\t\t\t\t<div class=\"elementor-widget-container\">\n\t\t\t\t\t\t\t\t\t\t\t\t\t\t\t<img decoding=\"async\" width=\"1\" height=\"1\" src=\"https:\/\/chateau-soutard.com\/wp-content\/uploads\/2024\/06\/Ligne-verticale-h2-fondclair.svg\" class=\"attachment-large size-large wp-image-9337\" alt=\"\" \/>\t\t\t\t\t\t\t\t\t\t\t\t\t\t\t<\/div>\n\t\t\t\t<\/div>\n\t\t\t\t<div class=\"elementor-element elementor-element-64c3c17 elementor-widget elementor-widget-heading\" data-id=\"64c3c17\" data-element_type=\"widget\" data-e-type=\"widget\" data-widget_type=\"heading.default\">\n\t\t\t\t<div class=\"elementor-widget-container\">\n\t\t\t\t\t<h2 class=\"elementor-heading-title elementor-size-default\">Petit Soutard<\/h2>\t\t\t\t<\/div>\n\t\t\t\t<\/div>\n\t\t\t\t<div class=\"elementor-element elementor-element-c5d9938 elementor-widget elementor-widget-image\" data-id=\"c5d9938\" data-element_type=\"widget\" data-e-type=\"widget\" data-widget_type=\"image.default\">\n\t\t\t\t<div class=\"elementor-widget-container\">\n\t\t\t\t\t\t\t\t\t\t\t\t\t\t\t<img loading=\"lazy\" decoding=\"async\" width=\"419\" height=\"1024\" src=\"https:\/\/chateau-soutard.com\/wp-content\/uploads\/2024\/07\/Petit-Soutard-2019-419x1024.webp\" class=\"attachment-large size-large wp-image-9371\" alt=\"\" srcset=\"https:\/\/chateau-soutard.com\/wp-content\/uploads\/2024\/07\/Petit-Soutard-2019-419x1024.webp 419w, https:\/\/chateau-soutard.com\/wp-content\/uploads\/2024\/07\/Petit-Soutard-2019-600x1465.webp 600w, https:\/\/chateau-soutard.com\/wp-content\/uploads\/2024\/07\/Petit-Soutard-2019-123x300.webp 123w, https:\/\/chateau-soutard.com\/wp-content\/uploads\/2024\/07\/Petit-Soutard-2019-768x1875.webp 768w, https:\/\/chateau-soutard.com\/wp-content\/uploads\/2024\/07\/Petit-Soutard-2019-629x1536.webp 629w, https:\/\/chateau-soutard.com\/wp-content\/uploads\/2024\/07\/Petit-Soutard-2019-839x2048.webp 839w, https:\/\/chateau-soutard.com\/wp-content\/uploads\/2024\/07\/Petit-Soutard-2019.webp 1017w\" sizes=\"(max-width: 419px) 100vw, 419px\" \/>\t\t\t\t\t\t\t\t\t\t\t\t\t\t\t<\/div>\n\t\t\t\t<\/div>\n\t\t\t\t<div class=\"elementor-element elementor-element-7a7f410 elementor-align-center icon-cta elementor-widget elementor-widget-button\" data-id=\"7a7f410\" data-element_type=\"widget\" data-e-type=\"widget\" data-widget_type=\"button.default\">\n\t\t\t\t<div class=\"elementor-widget-container\">\n\t\t\t\t\t\t\t\t\t<div class=\"elementor-button-wrapper\">\n\t\t\t\t\t<a class=\"elementor-button elementor-button-link elementor-size-sm\" href=\"https:\/\/chateau-soutard.com\/en\/our-wines\/petit-soutard\/\">\n\t\t\t\t\t\t<span class=\"elementor-button-content-wrapper\">\n\t\t\t\t\t\t<span class=\"elementor-button-icon\">\n\t\t\t\t<svg xmlns=\"http:\/\/www.w3.org\/2000\/svg\" width=\"7.266\" height=\"15.76\" viewBox=\"0 0 7.266 15.76\"><path id=\"Trac&#xE9;_952\" data-name=\"Trac&#xE9; 952\" d=\"M14.6,0,7.3,5.223,0,0\" transform=\"translate(0.813 15.178) rotate(-90)\" fill=\"none\" stroke=\"#ccdde8\" stroke-miterlimit=\"10\" stroke-width=\"2\"><\/path><\/svg>\t\t\t<\/span>\n\t\t\t\t\t\t\t\t\t<span class=\"elementor-button-text\">Discover<\/span>\n\t\t\t\t\t<\/span>\n\t\t\t\t\t<\/a>\n\t\t\t\t<\/div>\n\t\t\t\t\t\t\t\t<\/div>\n\t\t\t\t<\/div>\n\t\t\t\t<\/div>\n\t\t\t\t\t<\/div>\n\t\t\t\t<\/div>\n\t\t\t\t<\/div>\n\t\t<div class=\"elementor-element elementor-element-fdf2a8b e-con-full e-flex e-con e-parent\" data-id=\"fdf2a8b\" data-element_type=\"container\" data-e-type=\"container\" data-settings=\"{&quot;background_background&quot;:&quot;classic&quot;}\">\n\t\t\t\t<\/div>\n\t\t\t\t<\/div>\n\t\t","protected":false},"excerpt":{"rendered":"<p>Our wines Savoir-faire Ch\u00e2teau Soutard The spirit of Soutard comes to life on the limestone plateau, where every rootlet draws essential elements to produce refined, elegant, and complex wines ACCESS TO THE SHOP Ch\u00e2teau Soutard Discover Petit Soutard Discover<\/p>\n","protected":false},"author":2,"featured_media":0,"parent":0,"menu_order":0,"comment_status":"closed","ping_status":"closed","template":"","meta":{"_acf_changed":false,"footnotes":""},"wf_page_folders":[36],"class_list":["post-9604","page","type-page","status-publish","hentry"],"acf":[],"yoast_head":"<!-- This site is optimized with the Yoast SEO plugin v27.2 - https:\/\/yoast.com\/product\/yoast-seo-wordpress\/ -->\n<title>Our wines - Ch\u00e2teau Soutard<\/title>\n<meta name=\"robots\" content=\"index, follow, max-snippet:-1, max-image-preview:large, max-video-preview:-1\" \/>\n<link rel=\"canonical\" href=\"https:\/\/chateau-soutard.com\/en\/our-wines\/\" \/>\n<meta property=\"og:locale\" content=\"en_US\" \/>\n<meta property=\"og:type\" content=\"article\" \/>\n<meta property=\"og:title\" content=\"Our wines - Ch\u00e2teau Soutard\" \/>\n<meta property=\"og:description\" content=\"Our wines Savoir-faire Ch\u00e2teau Soutard The spirit of Soutard comes to life on the limestone plateau, where every rootlet draws essential elements to produce refined, elegant, and complex wines ACCESS TO THE SHOP Ch\u00e2teau Soutard Discover Petit Soutard Discover\" \/>\n<meta property=\"og:url\" content=\"https:\/\/chateau-soutard.com\/en\/our-wines\/\" \/>\n<meta property=\"og:site_name\" content=\"Ch\u00e2teau Soutard\" \/>\n<meta property=\"article:modified_time\" content=\"2025-05-16T07:56:01+00:00\" \/>\n<meta name=\"twitter:card\" content=\"summary_large_image\" \/>\n<meta name=\"twitter:label1\" content=\"Est. reading time\" \/>\n\t<meta name=\"twitter:data1\" content=\"2 minutes\" \/>\n<script type=\"application\/ld+json\" class=\"yoast-schema-graph\">{\"@context\":\"https:\/\/schema.org\",\"@graph\":[{\"@type\":\"WebPage\",\"@id\":\"https:\/\/chateau-soutard.com\/en\/our-wines\/\",\"url\":\"https:\/\/chateau-soutard.com\/en\/our-wines\/\",\"name\":\"Our wines - Ch\u00e2teau Soutard\",\"isPartOf\":{\"@id\":\"https:\/\/chateau-soutard.com\/#website\"},\"primaryImageOfPage\":{\"@id\":\"https:\/\/chateau-soutard.com\/en\/our-wines\/#primaryimage\"},\"image\":{\"@id\":\"https:\/\/chateau-soutard.com\/en\/our-wines\/#primaryimage\"},\"thumbnailUrl\":\"https:\/\/chateau-soutard.com\/wp-content\/uploads\/2024\/07\/Logo-bleu-clair-avec-cercle-soutard.svg\",\"datePublished\":\"2024-07-11T12:37:49+00:00\",\"dateModified\":\"2025-05-16T07:56:01+00:00\",\"breadcrumb\":{\"@id\":\"https:\/\/chateau-soutard.com\/en\/our-wines\/#breadcrumb\"},\"inLanguage\":\"en-US\",\"potentialAction\":[{\"@type\":\"ReadAction\",\"target\":[\"https:\/\/chateau-soutard.com\/en\/our-wines\/\"]}]},{\"@type\":\"ImageObject\",\"inLanguage\":\"en-US\",\"@id\":\"https:\/\/chateau-soutard.com\/en\/our-wines\/#primaryimage\",\"url\":\"https:\/\/chateau-soutard.com\/wp-content\/uploads\/2024\/07\/Logo-bleu-clair-avec-cercle-soutard.svg\",\"contentUrl\":\"https:\/\/chateau-soutard.com\/wp-content\/uploads\/2024\/07\/Logo-bleu-clair-avec-cercle-soutard.svg\"},{\"@type\":\"BreadcrumbList\",\"@id\":\"https:\/\/chateau-soutard.com\/en\/our-wines\/#breadcrumb\",\"itemListElement\":[{\"@type\":\"ListItem\",\"position\":1,\"name\":\"Accueil\",\"item\":\"https:\/\/chateau-soutard.com\/\"},{\"@type\":\"ListItem\",\"position\":2,\"name\":\"Our wines\"}]},{\"@type\":\"WebSite\",\"@id\":\"https:\/\/chateau-soutard.com\/#website\",\"url\":\"https:\/\/chateau-soutard.com\/\",\"name\":\"Ch\u00e2teau Soutard\",\"description\":\"Une maison de ma\u00eetre de belle lign\u00e9e\",\"potentialAction\":[{\"@type\":\"SearchAction\",\"target\":{\"@type\":\"EntryPoint\",\"urlTemplate\":\"https:\/\/chateau-soutard.com\/?s={search_term_string}\"},\"query-input\":{\"@type\":\"PropertyValueSpecification\",\"valueRequired\":true,\"valueName\":\"search_term_string\"}}],\"inLanguage\":\"en-US\"}]}<\/script>\n<!-- \/ Yoast SEO plugin. -->","yoast_head_json":{"title":"Our wines - Ch\u00e2teau Soutard","robots":{"index":"index","follow":"follow","max-snippet":"max-snippet:-1","max-image-preview":"max-image-preview:large","max-video-preview":"max-video-preview:-1"},"canonical":"https:\/\/chateau-soutard.com\/en\/our-wines\/","og_locale":"en_US","og_type":"article","og_title":"Our wines - Ch\u00e2teau Soutard","og_description":"Our wines Savoir-faire Ch\u00e2teau Soutard The spirit of Soutard comes to life on the limestone plateau, where every rootlet draws essential elements to produce refined, elegant, and complex wines ACCESS TO THE SHOP Ch\u00e2teau Soutard Discover Petit Soutard Discover","og_url":"https:\/\/chateau-soutard.com\/en\/our-wines\/","og_site_name":"Ch\u00e2teau Soutard","article_modified_time":"2025-05-16T07:56:01+00:00","twitter_card":"summary_large_image","twitter_misc":{"Est. reading time":"2 minutes"},"schema":{"@context":"https:\/\/schema.org","@graph":[{"@type":"WebPage","@id":"https:\/\/chateau-soutard.com\/en\/our-wines\/","url":"https:\/\/chateau-soutard.com\/en\/our-wines\/","name":"Our wines - Ch\u00e2teau Soutard","isPartOf":{"@id":"https:\/\/chateau-soutard.com\/#website"},"primaryImageOfPage":{"@id":"https:\/\/chateau-soutard.com\/en\/our-wines\/#primaryimage"},"image":{"@id":"https:\/\/chateau-soutard.com\/en\/our-wines\/#primaryimage"},"thumbnailUrl":"https:\/\/chateau-soutard.com\/wp-content\/uploads\/2024\/07\/Logo-bleu-clair-avec-cercle-soutard.svg","datePublished":"2024-07-11T12:37:49+00:00","dateModified":"2025-05-16T07:56:01+00:00","breadcrumb":{"@id":"https:\/\/chateau-soutard.com\/en\/our-wines\/#breadcrumb"},"inLanguage":"en-US","potentialAction":[{"@type":"ReadAction","target":["https:\/\/chateau-soutard.com\/en\/our-wines\/"]}]},{"@type":"ImageObject","inLanguage":"en-US","@id":"https:\/\/chateau-soutard.com\/en\/our-wines\/#primaryimage","url":"https:\/\/chateau-soutard.com\/wp-content\/uploads\/2024\/07\/Logo-bleu-clair-avec-cercle-soutard.svg","contentUrl":"https:\/\/chateau-soutard.com\/wp-content\/uploads\/2024\/07\/Logo-bleu-clair-avec-cercle-soutard.svg"},{"@type":"BreadcrumbList","@id":"https:\/\/chateau-soutard.com\/en\/our-wines\/#breadcrumb","itemListElement":[{"@type":"ListItem","position":1,"name":"Accueil","item":"https:\/\/chateau-soutard.com\/"},{"@type":"ListItem","position":2,"name":"Our wines"}]},{"@type":"WebSite","@id":"https:\/\/chateau-soutard.com\/#website","url":"https:\/\/chateau-soutard.com\/","name":"Ch\u00e2teau Soutard","description":"Une maison de ma\u00eetre de belle lign\u00e9e","potentialAction":[{"@type":"SearchAction","target":{"@type":"EntryPoint","urlTemplate":"https:\/\/chateau-soutard.com\/?s={search_term_string}"},"query-input":{"@type":"PropertyValueSpecification","valueRequired":true,"valueName":"search_term_string"}}],"inLanguage":"en-US"}]}},"_links":{"self":[{"href":"https:\/\/chateau-soutard.com\/en\/wp-json\/wp\/v2\/pages\/9604","targetHints":{"allow":["GET"]}}],"collection":[{"href":"https:\/\/chateau-soutard.com\/en\/wp-json\/wp\/v2\/pages"}],"about":[{"href":"https:\/\/chateau-soutard.com\/en\/wp-json\/wp\/v2\/types\/page"}],"author":[{"embeddable":true,"href":"https:\/\/chateau-soutard.com\/en\/wp-json\/wp\/v2\/users\/2"}],"replies":[{"embeddable":true,"href":"https:\/\/chateau-soutard.com\/en\/wp-json\/wp\/v2\/comments?post=9604"}],"version-history":[{"count":6,"href":"https:\/\/chateau-soutard.com\/en\/wp-json\/wp\/v2\/pages\/9604\/revisions"}],"predecessor-version":[{"id":10585,"href":"https:\/\/chateau-soutard.com\/en\/wp-json\/wp\/v2\/pages\/9604\/revisions\/10585"}],"wp:attachment":[{"href":"https:\/\/chateau-soutard.com\/en\/wp-json\/wp\/v2\/media?parent=9604"}],"wp:term":[{"taxonomy":"wf_page_folders","embeddable":true,"href":"https:\/\/chateau-soutard.com\/en\/wp-json\/wp\/v2\/wf_page_folders?post=9604"}],"curies":[{"name":"wp","href":"https:\/\/api.w.org\/{rel}","templated":true}]}}