{"id":9630,"date":"2024-06-26T10:14:33","date_gmt":"2024-06-26T08:14:33","guid":{"rendered":"https:\/\/chateau-soutard.com\/home\/"},"modified":"2025-11-14T11:49:21","modified_gmt":"2025-11-14T10:49:21","slug":"home","status":"publish","type":"page","link":"https:\/\/chateau-soutard.com\/en\/","title":{"rendered":"Home"},"content":{"rendered":"\t\t<div data-elementor-type=\"wp-page\" data-elementor-id=\"9630\" class=\"elementor elementor-9630 elementor-5012\" data-elementor-post-type=\"page\">\n\t\t\t\t<div class=\"elementor-element elementor-element-63d21bb e-con-full e-flex e-con e-parent\" data-id=\"63d21bb\" data-element_type=\"container\" data-e-type=\"container\" data-settings=\"{&quot;background_background&quot;:&quot;video&quot;,&quot;background_play_on_mobile&quot;:&quot;yes&quot;,&quot;background_video_link&quot;:&quot;https:\\\/\\\/chateau-soutard.com\\\/en\\\/accueil-video-soutard\\\/&quot;}\">\n\t\t<div class=\"elementor-background-video-container\">\n\t\t\t\t\t\t\t<video class=\"elementor-background-video-hosted\" role=\"presentation\" autoplay muted playsinline loop><\/video>\n\t\t\t\t\t<\/div><div class=\"elementor-element elementor-element-a71c274 e-con-full e-flex e-con e-child\" data-id=\"a71c274\" data-element_type=\"container\" data-e-type=\"container\">\n\t\t<div class=\"elementor-element elementor-element-f7eceaa e-con-full e-flex e-con e-child\" data-id=\"f7eceaa\" data-element_type=\"container\" data-e-type=\"container\">\n\t\t\t\t<div class=\"elementor-element elementor-element-9c20a94 elementor-view-default elementor-position-block-start elementor-mobile-position-block-start elementor-widget elementor-widget-icon-box\" data-id=\"9c20a94\" data-element_type=\"widget\" data-e-type=\"widget\" data-widget_type=\"icon-box.default\">\n\t\t\t\t<div class=\"elementor-widget-container\">\n\t\t\t\t\t\t\t<div class=\"elementor-icon-box-wrapper\">\n\n\t\t\t\t\t\t<div class=\"elementor-icon-box-icon\">\n\t\t\t\t<a href=\"https:\/\/shop.chateau-soutard.com\/fr\/\" class=\"elementor-icon\" tabindex=\"-1\" aria-label=\"Shop\">\n\t\t\t\t<svg xmlns=\"http:\/\/www.w3.org\/2000\/svg\" width=\"14.973\" height=\"18.216\" viewBox=\"0 0 14.973 18.216\"><path d=\"M12.486,3A3.242,3.242,0,0,0,9.243,6.243H7.622A1.626,1.626,0,0,0,6,7.865v9.729a1.626,1.626,0,0,0,1.622,1.622h9.729a1.626,1.626,0,0,0,1.622-1.622V7.865a1.626,1.626,0,0,0-1.622-1.622H15.729A3.242,3.242,0,0,0,12.486,3m1.622,3.243H10.865a1.622,1.622,0,0,1,3.243,0M10.054,10.3a.813.813,0,0,1-.811-.811V7.865h1.622V9.486a.813.813,0,0,1-.811.811m4.865,0a.813.813,0,0,1-.811-.811V7.865h1.622V9.486a.813.813,0,0,1-.811.811M12.486,2A4.251,4.251,0,0,1,16.61,5.243h.741a2.625,2.625,0,0,1,2.622,2.622v9.729a2.625,2.625,0,0,1-2.622,2.622H7.622A2.625,2.625,0,0,1,5,17.594V7.865A2.625,2.625,0,0,1,7.622,5.243h.741A4.251,4.251,0,0,1,12.486,2Z\" transform=\"translate(-5 -2)\" fill=\"#fff\"><\/path><\/svg>\t\t\t\t<\/a>\n\t\t\t<\/div>\n\t\t\t\n\t\t\t\t\t\t<div class=\"elementor-icon-box-content\">\n\n\t\t\t\t\t\t\t\t\t<p class=\"elementor-icon-box-title\">\n\t\t\t\t\t\t<a href=\"https:\/\/shop.chateau-soutard.com\/fr\/\" >\n\t\t\t\t\t\t\tShop\t\t\t\t\t\t<\/a>\n\t\t\t\t\t<\/p>\n\t\t\t\t\n\t\t\t\t\n\t\t\t<\/div>\n\t\t\t\n\t\t<\/div>\n\t\t\t\t\t\t<\/div>\n\t\t\t\t<\/div>\n\t\t\t\t<\/div>\n\t\t\t\t<div class=\"elementor-element elementor-element-b48ddc0 elementor-widget__width-auto elementor-hidden-desktop elementor-hidden-tablet elementor-hidden-mobile elementor-view-default elementor-widget elementor-widget-icon\" data-id=\"b48ddc0\" data-element_type=\"widget\" data-e-type=\"widget\" data-widget_type=\"icon.default\">\n\t\t\t\t<div class=\"elementor-widget-container\">\n\t\t\t\t\t\t\t<div class=\"elementor-icon-wrapper\">\n\t\t\t<a class=\"elementor-icon\" href=\"https:\/\/shop.chateau-soutard.com\/fr\/\">\n\t\t\t<svg xmlns=\"http:\/\/www.w3.org\/2000\/svg\" width=\"14.973\" height=\"18.216\" viewBox=\"0 0 14.973 18.216\"><path d=\"M12.486,3A3.242,3.242,0,0,0,9.243,6.243H7.622A1.626,1.626,0,0,0,6,7.865v9.729a1.626,1.626,0,0,0,1.622,1.622h9.729a1.626,1.626,0,0,0,1.622-1.622V7.865a1.626,1.626,0,0,0-1.622-1.622H15.729A3.242,3.242,0,0,0,12.486,3m1.622,3.243H10.865a1.622,1.622,0,0,1,3.243,0M10.054,10.3a.813.813,0,0,1-.811-.811V7.865h1.622V9.486a.813.813,0,0,1-.811.811m4.865,0a.813.813,0,0,1-.811-.811V7.865h1.622V9.486a.813.813,0,0,1-.811.811M12.486,2A4.251,4.251,0,0,1,16.61,5.243h.741a2.625,2.625,0,0,1,2.622,2.622v9.729a2.625,2.625,0,0,1-2.622,2.622H7.622A2.625,2.625,0,0,1,5,17.594V7.865A2.625,2.625,0,0,1,7.622,5.243h.741A4.251,4.251,0,0,1,12.486,2Z\" transform=\"translate(-5 -2)\" fill=\"#fff\"><\/path><\/svg>\t\t\t<\/a>\n\t\t<\/div>\n\t\t\t\t\t\t<\/div>\n\t\t\t\t<\/div>\n\t\t\t\t<div class=\"elementor-element elementor-element-524989a elementor-widget__width-auto elementor-view-default elementor-widget elementor-widget-icon\" data-id=\"524989a\" data-element_type=\"widget\" data-e-type=\"widget\" data-widget_type=\"icon.default\">\n\t\t\t\t<div class=\"elementor-widget-container\">\n\t\t\t\t\t\t\t<div class=\"elementor-icon-wrapper\">\n\t\t\t<a class=\"elementor-icon\" href=\"https:\/\/chateau-soutard.com\/contact\/\">\n\t\t\t<svg xmlns=\"http:\/\/www.w3.org\/2000\/svg\" width=\"20.901\" height=\"13.934\" viewBox=\"0 0 20.901 13.934\"><path d=\"M4.5,9V22.934H25.4V9Zm10.45,7.615L6.089,9.871H23.811Zm-9.58,5.448V10.421l6.265,4.768L7.929,19.4l.109.109,4.294-3.788,2.618,1.992,2.618-1.992L21.863,19.5l.109-.109-3.707-4.213,6.265-4.763V22.063Z\" transform=\"translate(-4.5 -9)\" fill=\"#fff\"><\/path><\/svg>\t\t\t<\/a>\n\t\t<\/div>\n\t\t\t\t\t\t<\/div>\n\t\t\t\t<\/div>\n\t\t\t\t<div class=\"elementor-element elementor-element-89cdd8e elementor-widget__width-auto elementor-view-default elementor-widget elementor-widget-icon\" data-id=\"89cdd8e\" data-element_type=\"widget\" data-e-type=\"widget\" data-widget_type=\"icon.default\">\n\t\t\t\t<div class=\"elementor-widget-container\">\n\t\t\t\t\t\t\t<div class=\"elementor-icon-wrapper\">\n\t\t\t<a class=\"elementor-icon\" href=\"https:\/\/www.facebook.com\/chateausoutard\/\">\n\t\t\t<svg xmlns=\"http:\/\/www.w3.org\/2000\/svg\" width=\"24\" height=\"23.856\" viewBox=\"0 0 24 23.856\"><path d=\"M26.25,14.345A12,12,0,1,0,12.375,26.2V17.815H9.327v-3.47h3.048V11.7c0-3.007,1.792-4.669,4.533-4.669a18.44,18.44,0,0,1,2.687.235V10.22H18.08a1.735,1.735,0,0,0-1.956,1.875v2.25h3.328l-.531,3.47h-2.8V26.2A12,12,0,0,0,26.25,14.345Z\" transform=\"translate(-2.25 -2.345)\" fill=\"#fff\"><\/path><\/svg>\t\t\t<\/a>\n\t\t<\/div>\n\t\t\t\t\t\t<\/div>\n\t\t\t\t<\/div>\n\t\t\t\t<div class=\"elementor-element elementor-element-99da290 elementor-widget__width-auto elementor-view-default elementor-widget elementor-widget-icon\" data-id=\"99da290\" data-element_type=\"widget\" data-e-type=\"widget\" data-widget_type=\"icon.default\">\n\t\t\t\t<div class=\"elementor-widget-container\">\n\t\t\t\t\t\t\t<div class=\"elementor-icon-wrapper\">\n\t\t\t<a class=\"elementor-icon\" href=\"https:\/\/www.instagram.com\/chateausoutard\/\">\n\t\t\t<svg xmlns=\"http:\/\/www.w3.org\/2000\/svg\" width=\"24\" height=\"24\" viewBox=\"0 0 24 24\"><g transform=\"translate(-2.25 -2.25)\"><path d=\"M19.25,4.25a5.015,5.015,0,0,1,5,5v10a5.015,5.015,0,0,1-5,5h-10a5.015,5.015,0,0,1-5-5v-10a5.015,5.015,0,0,1,5-5h10m0-2h-10a7.021,7.021,0,0,0-7,7v10a7.021,7.021,0,0,0,7,7h10a7.021,7.021,0,0,0,7-7v-10a7.021,7.021,0,0,0-7-7Z\" fill=\"#fff\"><\/path><path d=\"M22.625,10.5a1.5,1.5,0,1,1,1.062-.438,1.5,1.5,0,0,1-1.062.438Zm-6.5,1a4,4,0,1,1-4,4,4,4,0,0,1,4-4m0-2a6,6,0,1,0,6,6A6,6,0,0,0,16.125,9.5Z\" transform=\"translate(-1.875 -1.25)\" fill=\"#fff\"><\/path><\/g><\/svg>\t\t\t<\/a>\n\t\t<\/div>\n\t\t\t\t\t\t<\/div>\n\t\t\t\t<\/div>\n\t\t\t\t<div class=\"elementor-element elementor-element-99f3113 elementor-widget elementor-widget-image\" data-id=\"99f3113\" data-element_type=\"widget\" data-e-type=\"widget\" data-widget_type=\"image.default\">\n\t\t\t\t<div class=\"elementor-widget-container\">\n\t\t\t\t\t\t\t\t\t\t\t\t\t\t\t\t<a href=\"https:\/\/bestofwinetourism.fr\">\n\t\t\t\t\t\t\t<img fetchpriority=\"high\" decoding=\"async\" width=\"800\" height=\"800\" src=\"https:\/\/chateau-soutard.com\/wp-content\/uploads\/2025\/11\/GOLD-2026-carre-1024x1024.png\" class=\"attachment-large size-large wp-image-11176\" alt=\"\" srcset=\"https:\/\/chateau-soutard.com\/wp-content\/uploads\/2025\/11\/GOLD-2026-carre-1024x1024.png 1024w, https:\/\/chateau-soutard.com\/wp-content\/uploads\/2025\/11\/GOLD-2026-carre-scaled-600x600.png 600w, https:\/\/chateau-soutard.com\/wp-content\/uploads\/2025\/11\/GOLD-2026-carre-scaled-100x100.png 100w, https:\/\/chateau-soutard.com\/wp-content\/uploads\/2025\/11\/GOLD-2026-carre-300x300.png 300w, https:\/\/chateau-soutard.com\/wp-content\/uploads\/2025\/11\/GOLD-2026-carre-150x150.png 150w, https:\/\/chateau-soutard.com\/wp-content\/uploads\/2025\/11\/GOLD-2026-carre-768x768.png 768w, https:\/\/chateau-soutard.com\/wp-content\/uploads\/2025\/11\/GOLD-2026-carre-1536x1536.png 1536w, https:\/\/chateau-soutard.com\/wp-content\/uploads\/2025\/11\/GOLD-2026-carre-2048x2048.png 2048w\" sizes=\"(max-width: 800px) 100vw, 800px\" \/>\t\t\t\t\t\t\t\t<\/a>\n\t\t\t\t\t\t\t\t\t\t\t\t\t\t\t<\/div>\n\t\t\t\t<\/div>\n\t\t\t\t<\/div>\n\t\t<div class=\"elementor-element elementor-element-281c0f7 e-con-full e-flex e-con e-child\" data-id=\"281c0f7\" data-element_type=\"container\" data-e-type=\"container\">\n\t\t\t\t<div class=\"elementor-element elementor-element-7ab79c6 title-v2 elementor-widget elementor-widget-heading\" data-id=\"7ab79c6\" data-element_type=\"widget\" data-e-type=\"widget\" data-widget_type=\"heading.default\">\n\t\t\t\t<div class=\"elementor-widget-container\">\n\t\t\t\t\t<h1 class=\"elementor-heading-title elementor-size-default\">FIVE CENTURIES OF HISTORY<\/h1>\t\t\t\t<\/div>\n\t\t\t\t<\/div>\n\t\t\t\t<div class=\"elementor-element elementor-element-0770e53 elementor-widget elementor-widget-text-editor\" data-id=\"0770e53\" data-element_type=\"widget\" data-e-type=\"widget\" data-widget_type=\"text-editor.default\">\n\t\t\t\t<div class=\"elementor-widget-container\">\n\t\t\t\t\t\t\t\t\t<p>\u00a9Nathan Destouesse Vision a\u00e9rienne<\/p>\t\t\t\t\t\t\t\t<\/div>\n\t\t\t\t<\/div>\n\t\t\t\t<\/div>\n\t\t\t\t<\/div>\n\t\t\t\t<\/div>\n\t\t","protected":false},"excerpt":{"rendered":"<p>Shop FIVE CENTURIES OF HISTORY \u00a9Nathan Destouesse Vision a\u00e9rienne<\/p>\n","protected":false},"author":2,"featured_media":0,"parent":0,"menu_order":0,"comment_status":"closed","ping_status":"closed","template":"","meta":{"_acf_changed":false,"footnotes":""},"wf_page_folders":[36],"class_list":["post-9630","page","type-page","status-publish","hentry"],"acf":[],"yoast_head":"<!-- This site is optimized with the Yoast SEO plugin v27.2 - https:\/\/yoast.com\/product\/yoast-seo-wordpress\/ -->\n<title>Home - Ch\u00e2teau Soutard<\/title>\n<meta name=\"description\" content=\"Ch\u00e2teau Soutard stands at the end of a majestic avenue of lime trees. Its century-old walls tell stories of passion and expertise.\" \/>\n<meta name=\"robots\" content=\"index, follow, max-snippet:-1, max-image-preview:large, max-video-preview:-1\" \/>\n<link rel=\"canonical\" href=\"https:\/\/chateau-soutard.com\/\" \/>\n<meta property=\"og:locale\" content=\"en_US\" \/>\n<meta property=\"og:type\" content=\"article\" \/>\n<meta property=\"og:title\" content=\"Home - Ch\u00e2teau Soutard\" \/>\n<meta property=\"og:description\" content=\"Ch\u00e2teau Soutard stands at the end of a majestic avenue of lime trees. Its century-old walls tell stories of passion and expertise.\" \/>\n<meta property=\"og:url\" content=\"https:\/\/chateau-soutard.com\/\" \/>\n<meta property=\"og:site_name\" content=\"Ch\u00e2teau Soutard\" \/>\n<meta property=\"article:modified_time\" content=\"2025-11-14T10:49:21+00:00\" \/>\n<meta property=\"og:image\" content=\"https:\/\/chateau-soutard.com\/wp-content\/uploads\/2025\/11\/GOLD-2026-carre-1024x1024.png\" \/>\n<meta name=\"twitter:card\" content=\"summary_large_image\" \/>\n<meta name=\"twitter:label1\" content=\"Est. reading time\" \/>\n\t<meta name=\"twitter:data1\" content=\"1 minute\" \/>\n<script type=\"application\/ld+json\" class=\"yoast-schema-graph\">{\"@context\":\"https:\/\/schema.org\",\"@graph\":[{\"@type\":\"WebPage\",\"@id\":\"https:\/\/chateau-soutard.com\/\",\"url\":\"https:\/\/chateau-soutard.com\/\",\"name\":\"Home - Ch\u00e2teau Soutard\",\"isPartOf\":{\"@id\":\"https:\/\/chateau-soutard.com\/#website\"},\"primaryImageOfPage\":{\"@id\":\"https:\/\/chateau-soutard.com\/#primaryimage\"},\"image\":{\"@id\":\"https:\/\/chateau-soutard.com\/#primaryimage\"},\"thumbnailUrl\":\"https:\/\/chateau-soutard.com\/wp-content\/uploads\/2025\/11\/GOLD-2026-carre-1024x1024.png\",\"datePublished\":\"2024-06-26T08:14:33+00:00\",\"dateModified\":\"2025-11-14T10:49:21+00:00\",\"description\":\"Ch\u00e2teau Soutard stands at the end of a majestic avenue of lime trees. Its century-old walls tell stories of passion and expertise.\",\"breadcrumb\":{\"@id\":\"https:\/\/chateau-soutard.com\/#breadcrumb\"},\"inLanguage\":\"en-US\",\"potentialAction\":[{\"@type\":\"ReadAction\",\"target\":[\"https:\/\/chateau-soutard.com\/\"]}]},{\"@type\":\"ImageObject\",\"inLanguage\":\"en-US\",\"@id\":\"https:\/\/chateau-soutard.com\/#primaryimage\",\"url\":\"https:\/\/chateau-soutard.com\/wp-content\/uploads\/2025\/11\/GOLD-2026-carre-1024x1024.png\",\"contentUrl\":\"https:\/\/chateau-soutard.com\/wp-content\/uploads\/2025\/11\/GOLD-2026-carre-1024x1024.png\"},{\"@type\":\"BreadcrumbList\",\"@id\":\"https:\/\/chateau-soutard.com\/#breadcrumb\",\"itemListElement\":[{\"@type\":\"ListItem\",\"position\":1,\"name\":\"Accueil\",\"item\":\"https:\/\/chateau-soutard.com\/\"},{\"@type\":\"ListItem\",\"position\":2,\"name\":\"Home\"}]},{\"@type\":\"WebSite\",\"@id\":\"https:\/\/chateau-soutard.com\/#website\",\"url\":\"https:\/\/chateau-soutard.com\/\",\"name\":\"Ch\u00e2teau Soutard\",\"description\":\"Une maison de ma\u00eetre de belle lign\u00e9e\",\"potentialAction\":[{\"@type\":\"SearchAction\",\"target\":{\"@type\":\"EntryPoint\",\"urlTemplate\":\"https:\/\/chateau-soutard.com\/?s={search_term_string}\"},\"query-input\":{\"@type\":\"PropertyValueSpecification\",\"valueRequired\":true,\"valueName\":\"search_term_string\"}}],\"inLanguage\":\"en-US\"}]}<\/script>\n<!-- \/ Yoast SEO plugin. -->","yoast_head_json":{"title":"Home - Ch\u00e2teau Soutard","description":"Ch\u00e2teau Soutard stands at the end of a majestic avenue of lime trees. Its century-old walls tell stories of passion and expertise.","robots":{"index":"index","follow":"follow","max-snippet":"max-snippet:-1","max-image-preview":"max-image-preview:large","max-video-preview":"max-video-preview:-1"},"canonical":"https:\/\/chateau-soutard.com\/","og_locale":"en_US","og_type":"article","og_title":"Home - Ch\u00e2teau Soutard","og_description":"Ch\u00e2teau Soutard stands at the end of a majestic avenue of lime trees. Its century-old walls tell stories of passion and expertise.","og_url":"https:\/\/chateau-soutard.com\/","og_site_name":"Ch\u00e2teau Soutard","article_modified_time":"2025-11-14T10:49:21+00:00","og_image":[{"url":"https:\/\/chateau-soutard.com\/wp-content\/uploads\/2025\/11\/GOLD-2026-carre-1024x1024.png","type":"","width":"","height":""}],"twitter_card":"summary_large_image","twitter_misc":{"Est. reading time":"1 minute"},"schema":{"@context":"https:\/\/schema.org","@graph":[{"@type":"WebPage","@id":"https:\/\/chateau-soutard.com\/","url":"https:\/\/chateau-soutard.com\/","name":"Home - Ch\u00e2teau Soutard","isPartOf":{"@id":"https:\/\/chateau-soutard.com\/#website"},"primaryImageOfPage":{"@id":"https:\/\/chateau-soutard.com\/#primaryimage"},"image":{"@id":"https:\/\/chateau-soutard.com\/#primaryimage"},"thumbnailUrl":"https:\/\/chateau-soutard.com\/wp-content\/uploads\/2025\/11\/GOLD-2026-carre-1024x1024.png","datePublished":"2024-06-26T08:14:33+00:00","dateModified":"2025-11-14T10:49:21+00:00","description":"Ch\u00e2teau Soutard stands at the end of a majestic avenue of lime trees. Its century-old walls tell stories of passion and expertise.","breadcrumb":{"@id":"https:\/\/chateau-soutard.com\/#breadcrumb"},"inLanguage":"en-US","potentialAction":[{"@type":"ReadAction","target":["https:\/\/chateau-soutard.com\/"]}]},{"@type":"ImageObject","inLanguage":"en-US","@id":"https:\/\/chateau-soutard.com\/#primaryimage","url":"https:\/\/chateau-soutard.com\/wp-content\/uploads\/2025\/11\/GOLD-2026-carre-1024x1024.png","contentUrl":"https:\/\/chateau-soutard.com\/wp-content\/uploads\/2025\/11\/GOLD-2026-carre-1024x1024.png"},{"@type":"BreadcrumbList","@id":"https:\/\/chateau-soutard.com\/#breadcrumb","itemListElement":[{"@type":"ListItem","position":1,"name":"Accueil","item":"https:\/\/chateau-soutard.com\/"},{"@type":"ListItem","position":2,"name":"Home"}]},{"@type":"WebSite","@id":"https:\/\/chateau-soutard.com\/#website","url":"https:\/\/chateau-soutard.com\/","name":"Ch\u00e2teau Soutard","description":"Une maison de ma\u00eetre de belle lign\u00e9e","potentialAction":[{"@type":"SearchAction","target":{"@type":"EntryPoint","urlTemplate":"https:\/\/chateau-soutard.com\/?s={search_term_string}"},"query-input":{"@type":"PropertyValueSpecification","valueRequired":true,"valueName":"search_term_string"}}],"inLanguage":"en-US"}]}},"_links":{"self":[{"href":"https:\/\/chateau-soutard.com\/en\/wp-json\/wp\/v2\/pages\/9630","targetHints":{"allow":["GET"]}}],"collection":[{"href":"https:\/\/chateau-soutard.com\/en\/wp-json\/wp\/v2\/pages"}],"about":[{"href":"https:\/\/chateau-soutard.com\/en\/wp-json\/wp\/v2\/types\/page"}],"author":[{"embeddable":true,"href":"https:\/\/chateau-soutard.com\/en\/wp-json\/wp\/v2\/users\/2"}],"replies":[{"embeddable":true,"href":"https:\/\/chateau-soutard.com\/en\/wp-json\/wp\/v2\/comments?post=9630"}],"version-history":[{"count":32,"href":"https:\/\/chateau-soutard.com\/en\/wp-json\/wp\/v2\/pages\/9630\/revisions"}],"predecessor-version":[{"id":11209,"href":"https:\/\/chateau-soutard.com\/en\/wp-json\/wp\/v2\/pages\/9630\/revisions\/11209"}],"wp:attachment":[{"href":"https:\/\/chateau-soutard.com\/en\/wp-json\/wp\/v2\/media?parent=9630"}],"wp:term":[{"taxonomy":"wf_page_folders","embeddable":true,"href":"https:\/\/chateau-soutard.com\/en\/wp-json\/wp\/v2\/wf_page_folders?post=9630"}],"curies":[{"name":"wp","href":"https:\/\/api.w.org\/{rel}","templated":true}]}}