{"id":9737,"date":"2023-07-24T11:58:41","date_gmt":"2023-07-24T09:58:41","guid":{"rendered":"https:\/\/chateau-soutard.com\/privacy-policy\/"},"modified":"2024-09-27T11:08:16","modified_gmt":"2024-09-27T09:08:16","slug":"privacy-policy","status":"publish","type":"page","link":"https:\/\/chateau-soutard.com\/en\/privacy-policy\/","title":{"rendered":"Privacy policy"},"content":{"rendered":"\t\t<div data-elementor-type=\"wp-page\" data-elementor-id=\"9737\" class=\"elementor elementor-9737 elementor-3\" data-elementor-post-type=\"page\">\n\t\t\t\t<div class=\"elementor-element elementor-element-dcf7b9b e-flex e-con-boxed e-con e-parent\" data-id=\"dcf7b9b\" data-element_type=\"container\" data-e-type=\"container\">\n\t\t\t\t\t<div class=\"e-con-inner\">\n\t\t<div class=\"elementor-element elementor-element-f6f9f9c e-flex e-con-boxed e-con e-child\" data-id=\"f6f9f9c\" data-element_type=\"container\" data-e-type=\"container\">\n\t\t\t\t\t<div class=\"e-con-inner\">\n\t\t\t\t<div class=\"elementor-element elementor-element-634a429 elementor-widget elementor-widget-heading\" data-id=\"634a429\" data-element_type=\"widget\" data-e-type=\"widget\" data-widget_type=\"heading.default\">\n\t\t\t\t<div class=\"elementor-widget-container\">\n\t\t\t\t\t<h2 class=\"elementor-heading-title elementor-size-default\">Legale notice<\/h2>\t\t\t\t<\/div>\n\t\t\t\t<\/div>\n\t\t\t\t<div class=\"elementor-element elementor-element-4ba75bb elementor-widget__width-initial elementor-widget elementor-widget-text-editor\" data-id=\"4ba75bb\" data-element_type=\"widget\" data-e-type=\"widget\" data-widget_type=\"text-editor.default\">\n\t\t\t\t<div class=\"elementor-widget-container\">\n\t\t\t\t\t\t\t\t\t<p>In accordance with the provisions of Articles 6-III and 19 of Law no. 2004-575 of June 21, 2004 for Confidence in the Digital Economy, known as L.C.E.N., users and visitors, hereinafter the &#8220;User&#8221;, to the site https:\/\/chateau-soutard.com, hereinafter the &#8220;Site&#8221;, are hereby informed of the present legal notice.<br \/>Connection to and browsing of the Site by the User implies full and unreserved acceptance of the present legal notice.<br \/>The latter can be accessed on the Site under the heading &#8220;Privacy Policy&#8221;.<\/p>\n<\/p>\n<p><strong>ARTICLE 1 &#8211; THE PUBLISHER<\/strong><\/p>\n<p>The Site is published by SCEA CHATEAU SOUTARD with capital of 107,000,000 euros, 340 694 835, whose registered office is located at Ch\u00e2teau Soutard, 1 Lieu-dit Soutard, 33 330 SAINT-EMILION, FRANCE<br \/>Telephone number 05 57 24 71 41,<br \/>E-mail address: contact@soutard.com<br \/>Intracommunity VAT number: FR 76 340 694 835<br \/>The Publication Director is SCEA CHATEAU SOUTARD<br \/>hereinafter the &#8220;Publisher&#8221;.<\/p>\n<\/p>\n<p><strong>ARTICLE 2 &#8211; THE HOST<\/strong><\/p>\n<p>The Site&#8217;s host and designer is COBALT, whose head office is located at 24 rue de la R\u00e9publique, 33 500 Libourne, France.<br \/>\nwww.cobalt-informatique.com. <\/p>\n<\/p>\n<p><strong>ARTICLE 3 &#8211; SITE ACCESS<\/strong><\/p>\n<p>The Site is accessible at all times, 7 days a week, 24 hours a day, except in the event of force majeure, scheduled or unscheduled interruption, or where maintenance is required.<br \/>In the event of modification, interruption or suspension of the Site, the Publisher shall not be held liable.<\/p>\n<\/p>\n<p><strong>ARTICLE 4 &#8211; DATA COLLECTION<\/strong><\/p>\n<p>The Site ensures that the User&#8217;s personal information is collected and processed with due respect for privacy, in accordance with the French Data Protection Act no. 78-17 of January 6, 1978.<br \/>In accordance with the French Data Protection Act of January 6, 1978, the User has the right to access, rectify, delete and oppose his or her personal data.<br \/>\nThe User may exercise this right by:<br \/>&#8211; sending an e-mail to contact@soutard.com<br \/>Any use, reproduction, distribution, marketing or modification of all or part of the Site, without the Publisher&#8217;s authorization, is prohibited and may result in legal action and prosecution as provided for in the French Intellectual Property Code and the French Civil Code. <\/p>\n\t\t\t\t\t\t\t\t<\/div>\n\t\t\t\t<\/div>\n\t\t\t\t\t<\/div>\n\t\t\t\t<\/div>\n\t\t\t\t\t<\/div>\n\t\t\t\t<\/div>\n\t\t\t\t<\/div>\n\t\t","protected":false},"excerpt":{"rendered":"<p>Legale notice In accordance with the provisions of Articles 6-III and 19 of Law no. 2004-575 of June 21, 2004 for Confidence in the Digital Economy, known as L.C.E.N., users and visitors, hereinafter the &#8220;User&#8221;, to the site https:\/\/chateau-soutard.com, hereinafter the &#8220;Site&#8221;, are hereby informed of the present legal notice.Connection to and browsing of the [&hellip;]<\/p>\n","protected":false},"author":2,"featured_media":0,"parent":0,"menu_order":0,"comment_status":"closed","ping_status":"closed","template":"","meta":{"_acf_changed":false,"footnotes":""},"wf_page_folders":[],"class_list":["post-9737","page","type-page","status-publish","hentry"],"acf":[],"yoast_head":"<!-- This site is optimized with the Yoast SEO plugin v27.2 - https:\/\/yoast.com\/product\/yoast-seo-wordpress\/ -->\n<title>Privacy policy - Ch\u00e2teau Soutard<\/title>\n<meta name=\"robots\" content=\"noindex, nofollow\" \/>\n<meta property=\"og:locale\" content=\"en_US\" \/>\n<meta property=\"og:type\" content=\"article\" \/>\n<meta property=\"og:title\" content=\"Privacy policy - Ch\u00e2teau Soutard\" \/>\n<meta property=\"og:description\" content=\"Legale notice In accordance with the provisions of Articles 6-III and 19 of Law no. 2004-575 of June 21, 2004 for Confidence in the Digital Economy, known as L.C.E.N., users and visitors, hereinafter the &#8220;User&#8221;, to the site https:\/\/chateau-soutard.com, hereinafter the &#8220;Site&#8221;, are hereby informed of the present legal notice.Connection to and browsing of the [&hellip;]\" \/>\n<meta property=\"og:url\" content=\"https:\/\/chateau-soutard.com\/en\/privacy-policy\/\" \/>\n<meta property=\"og:site_name\" content=\"Ch\u00e2teau Soutard\" \/>\n<meta property=\"article:modified_time\" content=\"2024-09-27T09:08:16+00:00\" \/>\n<meta name=\"twitter:card\" content=\"summary_large_image\" \/>\n<meta name=\"twitter:label1\" content=\"Est. reading time\" \/>\n\t<meta name=\"twitter:data1\" content=\"2 minutes\" \/>\n<script type=\"application\/ld+json\" class=\"yoast-schema-graph\">{\"@context\":\"https:\/\/schema.org\",\"@graph\":[{\"@type\":\"WebPage\",\"@id\":\"https:\/\/chateau-soutard.com\/en\/privacy-policy\/\",\"url\":\"https:\/\/chateau-soutard.com\/en\/privacy-policy\/\",\"name\":\"Privacy policy - Ch\u00e2teau Soutard\",\"isPartOf\":{\"@id\":\"https:\/\/chateau-soutard.com\/#website\"},\"datePublished\":\"2023-07-24T09:58:41+00:00\",\"dateModified\":\"2024-09-27T09:08:16+00:00\",\"breadcrumb\":{\"@id\":\"https:\/\/chateau-soutard.com\/en\/privacy-policy\/#breadcrumb\"},\"inLanguage\":\"en-US\",\"potentialAction\":[{\"@type\":\"ReadAction\",\"target\":[\"https:\/\/chateau-soutard.com\/en\/privacy-policy\/\"]}]},{\"@type\":\"BreadcrumbList\",\"@id\":\"https:\/\/chateau-soutard.com\/en\/privacy-policy\/#breadcrumb\",\"itemListElement\":[{\"@type\":\"ListItem\",\"position\":1,\"name\":\"Accueil\",\"item\":\"https:\/\/chateau-soutard.com\/\"},{\"@type\":\"ListItem\",\"position\":2,\"name\":\"Privacy policy\"}]},{\"@type\":\"WebSite\",\"@id\":\"https:\/\/chateau-soutard.com\/#website\",\"url\":\"https:\/\/chateau-soutard.com\/\",\"name\":\"Ch\u00e2teau Soutard\",\"description\":\"Une maison de ma\u00eetre de belle lign\u00e9e\",\"potentialAction\":[{\"@type\":\"SearchAction\",\"target\":{\"@type\":\"EntryPoint\",\"urlTemplate\":\"https:\/\/chateau-soutard.com\/?s={search_term_string}\"},\"query-input\":{\"@type\":\"PropertyValueSpecification\",\"valueRequired\":true,\"valueName\":\"search_term_string\"}}],\"inLanguage\":\"en-US\"}]}<\/script>\n<!-- \/ Yoast SEO plugin. -->","yoast_head_json":{"title":"Privacy policy - Ch\u00e2teau Soutard","robots":{"index":"noindex","follow":"nofollow"},"og_locale":"en_US","og_type":"article","og_title":"Privacy policy - Ch\u00e2teau Soutard","og_description":"Legale notice In accordance with the provisions of Articles 6-III and 19 of Law no. 2004-575 of June 21, 2004 for Confidence in the Digital Economy, known as L.C.E.N., users and visitors, hereinafter the &#8220;User&#8221;, to the site https:\/\/chateau-soutard.com, hereinafter the &#8220;Site&#8221;, are hereby informed of the present legal notice.Connection to and browsing of the [&hellip;]","og_url":"https:\/\/chateau-soutard.com\/en\/privacy-policy\/","og_site_name":"Ch\u00e2teau Soutard","article_modified_time":"2024-09-27T09:08:16+00:00","twitter_card":"summary_large_image","twitter_misc":{"Est. reading time":"2 minutes"},"schema":{"@context":"https:\/\/schema.org","@graph":[{"@type":"WebPage","@id":"https:\/\/chateau-soutard.com\/en\/privacy-policy\/","url":"https:\/\/chateau-soutard.com\/en\/privacy-policy\/","name":"Privacy policy - Ch\u00e2teau Soutard","isPartOf":{"@id":"https:\/\/chateau-soutard.com\/#website"},"datePublished":"2023-07-24T09:58:41+00:00","dateModified":"2024-09-27T09:08:16+00:00","breadcrumb":{"@id":"https:\/\/chateau-soutard.com\/en\/privacy-policy\/#breadcrumb"},"inLanguage":"en-US","potentialAction":[{"@type":"ReadAction","target":["https:\/\/chateau-soutard.com\/en\/privacy-policy\/"]}]},{"@type":"BreadcrumbList","@id":"https:\/\/chateau-soutard.com\/en\/privacy-policy\/#breadcrumb","itemListElement":[{"@type":"ListItem","position":1,"name":"Accueil","item":"https:\/\/chateau-soutard.com\/"},{"@type":"ListItem","position":2,"name":"Privacy policy"}]},{"@type":"WebSite","@id":"https:\/\/chateau-soutard.com\/#website","url":"https:\/\/chateau-soutard.com\/","name":"Ch\u00e2teau Soutard","description":"Une maison de ma\u00eetre de belle lign\u00e9e","potentialAction":[{"@type":"SearchAction","target":{"@type":"EntryPoint","urlTemplate":"https:\/\/chateau-soutard.com\/?s={search_term_string}"},"query-input":{"@type":"PropertyValueSpecification","valueRequired":true,"valueName":"search_term_string"}}],"inLanguage":"en-US"}]}},"_links":{"self":[{"href":"https:\/\/chateau-soutard.com\/en\/wp-json\/wp\/v2\/pages\/9737","targetHints":{"allow":["GET"]}}],"collection":[{"href":"https:\/\/chateau-soutard.com\/en\/wp-json\/wp\/v2\/pages"}],"about":[{"href":"https:\/\/chateau-soutard.com\/en\/wp-json\/wp\/v2\/types\/page"}],"author":[{"embeddable":true,"href":"https:\/\/chateau-soutard.com\/en\/wp-json\/wp\/v2\/users\/2"}],"replies":[{"embeddable":true,"href":"https:\/\/chateau-soutard.com\/en\/wp-json\/wp\/v2\/comments?post=9737"}],"version-history":[{"count":1,"href":"https:\/\/chateau-soutard.com\/en\/wp-json\/wp\/v2\/pages\/9737\/revisions"}],"predecessor-version":[{"id":9738,"href":"https:\/\/chateau-soutard.com\/en\/wp-json\/wp\/v2\/pages\/9737\/revisions\/9738"}],"wp:attachment":[{"href":"https:\/\/chateau-soutard.com\/en\/wp-json\/wp\/v2\/media?parent=9737"}],"wp:term":[{"taxonomy":"wf_page_folders","embeddable":true,"href":"https:\/\/chateau-soutard.com\/en\/wp-json\/wp\/v2\/wf_page_folders?post=9737"}],"curies":[{"name":"wp","href":"https:\/\/api.w.org\/{rel}","templated":true}]}}